{"id":1031,"date":"2019-06-12T09:26:33","date_gmt":"2019-06-12T09:26:33","guid":{"rendered":"http:\/\/inventeurs.eu\/?page_id=1031"},"modified":"2019-06-12T10:12:45","modified_gmt":"2019-06-12T10:12:45","slug":"proiecte-asociate","status":"publish","type":"page","link":"https:\/\/inventeurs.eu\/ro\/proiecte-asociate\/","title":{"rendered":"Proiecte asociate"},"content":{"rendered":"<div id=\"dslc-content\" class=\"dslc-content dslc-clearfix\"><div id=\"dslc-main\">\r\n\t\t<div  class=\"dslc-modules-section \" style=\"padding-bottom:30px;padding-top:30px;border-color:#d8d4d4;\" data-section-id=\"bcd2163a99d\">\r\n\t\t\t\t\r\n\t\t\t\t\r\n\t\t\t\t<div class=\"dslc-modules-section-wrapper dslc-clearfix\"><div class=\"dslc-modules-area dslc-col dslc-12-col dslc-last-col\" data-size=\"12\" data-valign=\"\">\r\n\t\t<div id=\"dslc-module-0125faa4e72\" class=\"dslc-module-front dslc-module-DSLC_Image dslc-in-viewport-check dslc-in-viewport-anim-none  dslc-col dslc-5-col  dslc-module-handle-like-regular \" data-module-id=\"0125faa4e72\" data-module=\"DSLC_Image\" data-dslc-module-size=\"5\" data-dslc-anim=\"none\" data-dslc-anim-delay=\"0\" data-dslc-anim-duration=\"650\"  data-dslc-anim-easing=\"ease\" data-dslc-preset=\"none\" >\r\n\r\n\t\t\t\r\n\t\t\t\r\n\t\t\t\t<div class=\"dslc-image-container\">\r\n\t\t<div class=\"dslc-image\">\r\n\r\n\t\t\t\r\n\t\t\t\t\r\n\t\t\t\t\t\t\t\t\t<img src=\"https:\/\/inventeurs.eu\/wp-content\/uploads\/2017\/04\/i4c.png\" alt=\"\" title=\"i4c\" srcset=\"https:\/\/inventeurs.eu\/wp-content\/uploads\/2017\/04\/i4c.png 400w, https:\/\/inventeurs.eu\/wp-content\/uploads\/2017\/04\/i4c-300x62.png 300w\" sizes=\"(max-width: 400px) 100vw, 400px\" \/>\r\n\t\t\t\t\r\n\t\t\t\t\t\t\t\t\t<\/div><!-- .dslc-image -->\r\n\t\t<\/div>\r\n\t\t\r\n\t\t\t\t<\/div><!-- .dslc-module -->\r\n\t\t\r\n\t\t<div id=\"dslc-module-1c68404d8f5\" class=\"dslc-module-front dslc-module-DSLC_Text_Simple dslc-in-viewport-check dslc-in-viewport-anim-none  dslc-col dslc-6-col  dslc-module-handle-like-regular \" data-module-id=\"1c68404d8f5\" data-module=\"DSLC_Text_Simple\" data-dslc-module-size=\"6\" data-dslc-anim=\"none\" data-dslc-anim-delay=\"\" data-dslc-anim-duration=\"650\"  data-dslc-anim-easing=\"ease\" data-dslc-preset=\"none\" >\r\n\r\n\t\t\t\r\n\t\t\t\r\n\t\t\r\n\t\t<div class=\"dslc-text-module-content\">\r\n\t\t\t<h6><a href=\"http:\/\/www.inventors4change.org\" target=\"_blank\" rel=\"noopener\"><strong>Inventors4Change<\/strong><\/a> conecteaz\u0103 copiii din \u00eentreaga lume \u0219i \u00eei \u00eencurajeaz\u0103 s\u0103 devin\u0103 agen\u021bi ai schimb\u0103rii \u00een comunit\u0103\u021bile lor, cu ajutorul tehnologiilor pentru \u00eenv\u0103\u021bare creativ\u0103 \u0219i instrumente media digitale.<\/h6>\t\t<\/div>\r\n\r\n\t\t\r\n\t\t\t\t<\/div><!-- .dslc-module -->\r\n\t\t<\/div><\/div><\/div>\r\n\t\t<div  class=\"dslc-modules-section \" style=\"margin-bottom:10px;padding-bottom:30px;padding-top:30px;border-color:#ecaa27;\" data-section-id=\"bcd2163a99d\">\r\n\t\t\t\t\r\n\t\t\t\t\r\n\t\t\t\t<div class=\"dslc-modules-section-wrapper dslc-clearfix\"><div class=\"dslc-modules-area dslc-col dslc-12-col dslc-last-col\" data-size=\"12\" data-valign=\"\">\r\n\t\t<div id=\"dslc-module-isk43harj1\" class=\"dslc-module-front dslc-module-DSLC_Image dslc-in-viewport-check dslc-in-viewport-anim-none  dslc-col dslc-5-col  dslc-module-handle-like-regular \" data-module-id=\"isk43harj1\" data-module=\"DSLC_Image\" data-dslc-module-size=\"5\" data-dslc-anim=\"none\" data-dslc-anim-delay=\"0\" data-dslc-anim-duration=\"650\"  data-dslc-anim-easing=\"ease\" data-dslc-preset=\"none\" >\r\n\r\n\t\t\t\r\n\t\t\t\r\n\t\t\t\t<div class=\"dslc-image-container\">\r\n\t\t<div class=\"dslc-image\">\r\n\r\n\t\t\t\r\n\t\t\t\t\r\n\t\t\t\t\t\t\t\t\t<img src=\"https:\/\/inventeurs.eu\/wp-content\/uploads\/2017\/04\/brights-logo-menu-150x97.png\" alt=\"\" title=\"brights-logo-menu\"   \/>\r\n\t\t\t\t\r\n\t\t\t\t\t\t\t\t\t<\/div><!-- .dslc-image -->\r\n\t\t<\/div>\r\n\t\t\r\n\t\t\t\t<\/div><!-- .dslc-module -->\r\n\t\t\r\n\t\t<div id=\"dslc-module-9c11e8il6a8\" class=\"dslc-module-front dslc-module-DSLC_Text_Simple dslc-in-viewport-check dslc-in-viewport-anim-none  dslc-col dslc-6-col  dslc-module-handle-like-regular \" data-module-id=\"9c11e8il6a8\" data-module=\"DSLC_Text_Simple\" data-dslc-module-size=\"6\" data-dslc-anim=\"none\" data-dslc-anim-delay=\"\" data-dslc-anim-duration=\"650\"  data-dslc-anim-easing=\"ease\" data-dslc-preset=\"none\" >\r\n\r\n\t\t\t\r\n\t\t\t\r\n\t\t\r\n\t\t<div class=\"dslc-text-module-content\">\r\n\t\t\t<h6><strong><a href=\"http:\/\/www.brights-project.eu\" target=\"_blank\" rel=\"noopener\">BRIGHTS<\/a><\/strong> \"Promovarea educa\u021biei cet\u0103\u021bene\u0219ti globale prin utilizarea tehnologiilor digitale de povestire\" vizeaz\u0103 promovarea coeziunii sociale \u0219i promovarea dialogului intercultural \u0219i a valorilor democratice \u00een Europa.<\/h6>\t\t<\/div>\r\n\r\n\t\t\r\n\t\t\t\t<\/div><!-- .dslc-module -->\r\n\t\t<\/div><\/div><\/div>\r\n\t\t<div  class=\"dslc-modules-section \" style=\"margin-bottom:10px;padding-bottom:0px;padding-top:0px;border-color:#df4343;\" data-section-id=\"bcd2163a99d\">\r\n\t\t\t\t\r\n\t\t\t\t\r\n\t\t\t\t<div class=\"dslc-modules-section-wrapper dslc-clearfix\"><div class=\"dslc-modules-area dslc-col dslc-12-col dslc-last-col\" data-size=\"12\" data-valign=\"\">\r\n\t\t<div id=\"dslc-module-7kvbfnanjv\" class=\"dslc-module-front dslc-module-DSLC_Image dslc-in-viewport-check dslc-in-viewport-anim-none  dslc-col dslc-5-col  dslc-module-handle-like-regular \" data-module-id=\"7kvbfnanjv\" data-module=\"DSLC_Image\" data-dslc-module-size=\"5\" data-dslc-anim=\"none\" data-dslc-anim-delay=\"0\" data-dslc-anim-duration=\"650\"  data-dslc-anim-easing=\"ease\" data-dslc-preset=\"none\" >\r\n\r\n\t\t\t\r\n\t\t\t\r\n\t\t\t\t<div class=\"dslc-image-container\">\r\n\t\t<div class=\"dslc-image\">\r\n\r\n\t\t\t\r\n\t\t\t\t\r\n\t\t\t\t\t\t\t\t\t<img src=\"https:\/\/inventeurs.eu\/wp-content\/uploads\/2017\/04\/meet-logo-transparent-150x41.png\" alt=\"\" title=\"meet-logo-transparent\" srcset=\"https:\/\/inventeurs.eu\/wp-content\/uploads\/2017\/04\/meet-logo-transparent.png 914w, https:\/\/inventeurs.eu\/wp-content\/uploads\/2017\/04\/meet-logo-transparent-300x84.png 300w, https:\/\/inventeurs.eu\/wp-content\/uploads\/2017\/04\/meet-logo-transparent-768x214.png 768w, https:\/\/inventeurs.eu\/wp-content\/uploads\/2017\/04\/meet-logo-transparent-660x184.png 660w, https:\/\/inventeurs.eu\/wp-content\/uploads\/2017\/04\/meet-logo-transparent-450x126.png 450w\" sizes=\"(max-width: 914px) 100vw, 914px\" \/>\r\n\t\t\t\t\r\n\t\t\t\t\t\t\t\t\t<\/div><!-- .dslc-image -->\r\n\t\t<\/div>\r\n\t\t\r\n\t\t\t\t<\/div><!-- .dslc-module -->\r\n\t\t\r\n\t\t<div id=\"dslc-module-pd49vvrv8sc\" class=\"dslc-module-front dslc-module-DSLC_Text_Simple dslc-in-viewport-check dslc-in-viewport-anim-none  dslc-col dslc-6-col  dslc-module-handle-like-regular \" data-module-id=\"pd49vvrv8sc\" data-module=\"DSLC_Text_Simple\" data-dslc-module-size=\"6\" data-dslc-anim=\"none\" data-dslc-anim-delay=\"\" data-dslc-anim-duration=\"650\"  data-dslc-anim-easing=\"ease\" data-dslc-preset=\"none\" >\r\n\r\n\t\t\t\r\n\t\t\t\r\n\t\t\r\n\t\t<div class=\"dslc-text-module-content\">\r\n\t\t\t<h6><strong><a href=\"http:\/\/meetolerance.eu\/en\/about\/\" target=\"_blank\" rel=\"noopener\">MEET<\/a><\/strong> (Educa\u021bia media pentru echitate \u0219i toleran\u021b\u0103) este un proiect finan\u021bat prin programul Erasmus + al Comisiei Europene. Scopul s\u0103u este de a promova o \u00een\u021belegere critic\u0103 \u0219i inter-cultural\u0103, precum \u0219i o utilizare con\u0219tient\u0103 a mass-mediei \u00een r\u00e2ndul tinerilor cet\u0103\u021beni \u00een \u0219colile publice multiculturale \u0219i \u00een societ\u0103\u021bile democratice.<\/h6>\t\t<\/div>\r\n\r\n\t\t\r\n\t\t\t\t<\/div><!-- .dslc-module -->\r\n\t\t<\/div><\/div><\/div>\r\n\t\t<div  class=\"dslc-modules-section \" style=\"padding-bottom:0px;padding-top:0px;background-color:rgba(0,0,0,0);border-color:#43b5df;\" data-section-id=\"bcd2163a99d\">\r\n\t\t\t\t\r\n\t\t\t\t\r\n\t\t\t\t<div class=\"dslc-modules-section-wrapper dslc-clearfix\"><div class=\"dslc-modules-area dslc-col dslc-12-col dslc-last-col\" data-size=\"12\" data-valign=\"\">\r\n\t\t<div id=\"dslc-module-9acrq4b7evk\" class=\"dslc-module-front dslc-module-DSLC_Image dslc-in-viewport-check dslc-in-viewport-anim-none  dslc-col dslc-5-col  dslc-module-handle-like-regular \" data-module-id=\"9acrq4b7evk\" data-module=\"DSLC_Image\" data-dslc-module-size=\"5\" data-dslc-anim=\"none\" data-dslc-anim-delay=\"0\" data-dslc-anim-duration=\"650\"  data-dslc-anim-easing=\"ease\" data-dslc-preset=\"none\" >\r\n\r\n\t\t\t\r\n\t\t\t\r\n\t\t\t\t<div class=\"dslc-image-container\">\r\n\t\t<div class=\"dslc-image\">\r\n\r\n\t\t\t\r\n\t\t\t\t\r\n\t\t\t\t\t\t\t\t\t<img src=\"https:\/\/inventeurs.eu\/wp-content\/uploads\/2017\/04\/coloured-glasses-cover-150x212.jpg\" alt=\"\" title=\"coloured-glasses-cover\"   \/>\r\n\t\t\t\t\r\n\t\t\t\t\t\t\t\t\t<\/div><!-- .dslc-image -->\r\n\t\t<\/div>\r\n\t\t\r\n\t\t\t\t<\/div><!-- .dslc-module -->\r\n\t\t\r\n\t\t<div id=\"dslc-module-2bc59ast5mc\" class=\"dslc-module-front dslc-module-DSLC_Text_Simple dslc-in-viewport-check dslc-in-viewport-anim-none  dslc-col dslc-6-col  dslc-module-handle-like-regular \" data-module-id=\"2bc59ast5mc\" data-module=\"DSLC_Text_Simple\" data-dslc-module-size=\"6\" data-dslc-anim=\"none\" data-dslc-anim-delay=\"\" data-dslc-anim-duration=\"650\"  data-dslc-anim-easing=\"ease\" data-dslc-preset=\"none\" >\r\n\r\n\t\t\t\r\n\t\t\t\r\n\t\t\r\n\t\t<div class=\"dslc-text-module-content\">\r\n\t\t\t<h6><strong><a href=\"https:\/\/www.obessu.org\/what-we-do\/projects\/coloured-glasses\/\" target=\"_blank\" rel=\"noopener\">Coloured Glasses: Expanding Intercultural Education<\/a><\/strong> este un proiect finan\u021bat prin programul Erasmus + al Comisiei Europene. \u00cen special, acest proiect vizeaz\u0103 ridicarea, difuzarea \u0219i implementarea conceptului de Ochelari colora\u021bi (analogie a ochelarilor de soare ca filtre culturale prin care oamenii observ\u0103 \u0219i interpreteaz\u0103 realitatea) prin ateliere \u00een \u0219coli secundare, at\u00e2t pentru elevi, c\u00e2t \u0219i pentru profesori \u0219i societ\u0103\u021bi democratice .<\/h6>\t\t<\/div>\r\n\r\n\t\t\r\n\t\t\t\t<\/div><!-- .dslc-module -->\r\n\t\t<\/div><div class=\"dslc-modules-area dslc-col dslc-12-col dslc-last-col\" data-size=\"12\" data-valign=\"\">\r\n\t\t<div id=\"dslc-module-c7pgpjoiirc\" class=\"dslc-module-front dslc-module-DSLC_Image dslc-in-viewport-check dslc-in-viewport-anim-none  dslc-col dslc-5-col  dslc-module-handle-like-regular \" data-module-id=\"c7pgpjoiirc\" data-module=\"DSLC_Image\" data-dslc-module-size=\"5\" data-dslc-anim=\"none\" data-dslc-anim-delay=\"0\" data-dslc-anim-duration=\"650\"  data-dslc-anim-easing=\"ease\" data-dslc-preset=\"none\" >\r\n\r\n\t\t\t\r\n\t\t\t\r\n\t\t\t\t<div class=\"dslc-image-container\">\r\n\t\t<div class=\"dslc-image\">\r\n\r\n\t\t\t\r\n\t\t\t\t\r\n\t\t\t\t\t\t\t\t\t<img src=\"https:\/\/inventeurs.eu\/wp-content\/uploads\/2017\/04\/Captura-de-pantalla-2017-06-19-a-las-12.06.19-150x133.png\" alt=\"\" title=\"Captura de pantalla 2017-06-19 a la(s) 12.06.19\" srcset=\"https:\/\/inventeurs.eu\/wp-content\/uploads\/2017\/04\/Captura-de-pantalla-2017-06-19-a-las-12.06.19.png 320w, https:\/\/inventeurs.eu\/wp-content\/uploads\/2017\/04\/Captura-de-pantalla-2017-06-19-a-las-12.06.19-300x267.png 300w\" sizes=\"(max-width: 320px) 100vw, 320px\" \/>\r\n\t\t\t\t\r\n\t\t\t\t\t\t\t\t\t<\/div><!-- .dslc-image -->\r\n\t\t<\/div>\r\n\t\t\r\n\t\t\t\t<\/div><!-- .dslc-module -->\r\n\t\t\r\n\t\t<div id=\"dslc-module-r452jsfddv\" class=\"dslc-module-front dslc-module-DSLC_Text_Simple dslc-in-viewport-check dslc-in-viewport-anim-none  dslc-col dslc-6-col  dslc-module-handle-like-regular \" data-module-id=\"r452jsfddv\" data-module=\"DSLC_Text_Simple\" data-dslc-module-size=\"6\" data-dslc-anim=\"none\" data-dslc-anim-delay=\"\" data-dslc-anim-duration=\"650\"  data-dslc-anim-easing=\"ease\" data-dslc-preset=\"none\" >\r\n\r\n\t\t\t\r\n\t\t\t\r\n\t\t\r\n\t\t<div class=\"dslc-text-module-content\">\r\n\t\t\t<h6><strong><a href=\"https:\/\/www.obessu.org\/what-we-do\/projects\/coloured-glasses\/\" target=\"_blank\" rel=\"noopener\">Coloured Glasses: Expanding Intercultural Education<\/a><\/strong> este un parteneriat strategic finan\u021bat prin programul Erasmus + al Uniunii Europene. Scopul s\u0103u este de a pune \u00een aplicare Tinkeringul ca o pedagogie inovatoare la nivel european prin crearea unei comunit\u0103\u021bi de practicieni la nivel european \u0219i prin \u00eencurajarea schimbului de experien\u021b\u0103 \u0219i de practic\u0103 \u00eentre institu\u021biile de \u00eenv\u0103\u021b\u0103m\u00e2nt formale \u0219i informale.<\/h6>\t\t<\/div>\r\n\r\n\t\t\r\n\t\t\t\t<\/div><!-- .dslc-module -->\r\n\t\t<\/div><div class=\"dslc-modules-area dslc-col dslc-12-col dslc-last-col\" data-size=\"12\" data-valign=\"\">\r\n\t\t<div id=\"dslc-module-amd8h0vp81o\" class=\"dslc-module-front dslc-module-DSLC_Image dslc-in-viewport-check dslc-in-viewport-anim-none  dslc-col dslc-5-col  dslc-module-handle-like-regular \" data-module-id=\"amd8h0vp81o\" data-module=\"DSLC_Image\" data-dslc-module-size=\"5\" data-dslc-anim=\"none\" data-dslc-anim-delay=\"\" data-dslc-anim-duration=\"650\"  data-dslc-anim-easing=\"ease\" data-dslc-preset=\"none\" >\r\n\r\n\t\t\t\r\n\t\t\t\r\n\t\t\t\t<div class=\"dslc-image-container\">\r\n\t\t<div class=\"dslc-image\">\r\n\r\n\t\t\t\r\n\t\t\t\t\r\n\t\t\t\t\t\t\t\t\t<img src=\"https:\/\/inventeurs.eu\/wp-content\/uploads\/2019\/06\/dare-150x150.jpg\" alt=\"\" title=\"Captura de pantalla 2017-06-19 a la(s) 12.06.19\" srcset=\"https:\/\/inventeurs.eu\/wp-content\/uploads\/2019\/06\/dare.jpg 177w, https:\/\/inventeurs.eu\/wp-content\/uploads\/2019\/06\/dare-150x150.jpg 150w\" sizes=\"(max-width: 177px) 100vw, 177px\" \/>\r\n\t\t\t\t\r\n\t\t\t\t\t\t\t\t\t<\/div><!-- .dslc-image -->\r\n\t\t<\/div>\r\n\t\t\r\n\t\t\t\t<\/div><!-- .dslc-module -->\r\n\t\t\r\n\t\t<div id=\"dslc-module-t5k2fqguktk\" class=\"dslc-module-front dslc-module-DSLC_Text_Simple dslc-in-viewport-check dslc-in-viewport-anim-none  dslc-col dslc-6-col  dslc-module-handle-like-regular \" data-module-id=\"t5k2fqguktk\" data-module=\"DSLC_Text_Simple\" data-dslc-module-size=\"6\" data-dslc-anim=\"none\" data-dslc-anim-delay=\"\" data-dslc-anim-duration=\"650\"  data-dslc-anim-easing=\"ease\" data-dslc-preset=\"none\" >\r\n\r\n\t\t\t\r\n\t\t\t\r\n\t\t\r\n\t\t<div class=\"dslc-text-module-content\">\r\n\t\t\t<h6><strong><a href=\"http:\/\/www.museoscienza.org\/tinkering-eu\/default.asp\">LA FOAD : une d\u00e9marche \u00e0 renforcer, pAr, pouR et avEc les formateurs (DARE !)<\/a><\/strong> este un proiect de mobilitate pentru personalul din domeniul educa\u021biei \u0219i form\u0103rii profesionale (Erasmus + KA1) condus de Infrep \u00een consor\u021biu cu Ligue de l'enseignement et Poinfor. Proiectul se adreseaz\u0103 problemei \u00eenv\u0103\u021b\u0103rii deschise \u0219i la distan\u021b\u0103. A permis 18 formatori (6 pe structur\u0103 de consor\u021biu) s\u0103 participe la dou\u0103 perioade de mobilitate \/ formare cu dou\u0103 structuri europene care sunt exper\u021bi \u00een FOAD.<\/h6>\t\t<\/div>\r\n\r\n\t\t\r\n\t\t\t\t<\/div><!-- .dslc-module -->\r\n\t\t<\/div><div class=\"dslc-modules-area dslc-col dslc-12-col dslc-last-col\" data-size=\"12\" data-valign=\"\">\r\n\t\t<div id=\"dslc-module-fhn8fbe936g\" class=\"dslc-module-front dslc-module-DSLC_Image dslc-in-viewport-check dslc-in-viewport-anim-none  dslc-col dslc-5-col  dslc-module-handle-like-regular \" data-module-id=\"fhn8fbe936g\" data-module=\"DSLC_Image\" data-dslc-module-size=\"5\" data-dslc-anim=\"none\" data-dslc-anim-delay=\"\" data-dslc-anim-duration=\"650\"  data-dslc-anim-easing=\"ease\" data-dslc-preset=\"none\" >\r\n\r\n\t\t\t\r\n\t\t\t\r\n\t\t\t\t<div class=\"dslc-image-container\">\r\n\t\t<div class=\"dslc-image\">\r\n\r\n\t\t\t\r\n\t\t\t\t\r\n\t\t\t\t\t\t\t\t\t<img src=\"https:\/\/inventeurs.eu\/wp-content\/uploads\/2019\/06\/ethicsboard-150x79.png\" alt=\"\" title=\"Captura de pantalla 2017-06-19 a la(s) 12.06.19\" srcset=\"https:\/\/inventeurs.eu\/wp-content\/uploads\/2019\/06\/ethicsboard.png 600w, https:\/\/inventeurs.eu\/wp-content\/uploads\/2019\/06\/ethicsboard-300x159.png 300w, https:\/\/inventeurs.eu\/wp-content\/uploads\/2019\/06\/ethicsboard-450x238.png 450w\" sizes=\"(max-width: 600px) 100vw, 600px\" \/>\r\n\t\t\t\t\r\n\t\t\t\t\t\t\t\t\t<\/div><!-- .dslc-image -->\r\n\t\t<\/div>\r\n\t\t\r\n\t\t\t\t<\/div><!-- .dslc-module -->\r\n\t\t\r\n\t\t<div id=\"dslc-module-qe2vijmjhso\" class=\"dslc-module-front dslc-module-DSLC_Text_Simple dslc-in-viewport-check dslc-in-viewport-anim-none  dslc-col dslc-6-col  dslc-module-handle-like-regular \" data-module-id=\"qe2vijmjhso\" data-module=\"DSLC_Text_Simple\" data-dslc-module-size=\"6\" data-dslc-anim=\"none\" data-dslc-anim-delay=\"\" data-dslc-anim-duration=\"650\"  data-dslc-anim-easing=\"ease\" data-dslc-preset=\"none\" >\r\n\r\n\t\t\t\r\n\t\t\t\r\n\t\t\r\n\t\t<div class=\"dslc-text-module-content\">\r\n\t\t\t<h6><strong><a href=\"http:\/\/www.ethicsboard.eu\/\">ETHICSBOARD<\/a><\/strong> este un proiect Erasmus + care va permite studen\u021bilor s\u0103 dezvolte \u0219i s\u0103 promoveze educa\u021bia antreprenorial\u0103, aptitudinile antreprenoriale \u0219i portofoliile, s\u0103 asigure beneficiile unei educa\u021bii timpurii, s\u0103 dezvolte g\u00e2ndirea critic\u0103 \u0219i inovatoare \u0219i mai ales s\u0103 \u00eembun\u0103t\u0103\u021beasc\u0103 colaborarea dintre \u0219coli \u0219i asocia\u021bia p\u0103rin\u021bilor.<\/h6>\t\t<\/div>\r\n\r\n\t\t\r\n\t\t\t\t<\/div><!-- .dslc-module -->\r\n\t\t<\/div><\/div><\/div><\/div><\/div>","protected":false},"excerpt":{"rendered":"<p>Inventors4Change conecteaz\u0103 copiii din \u00eentreaga lume \u0219i \u00eei \u00eencurajeaz\u0103 s\u0103 devin\u0103 agen\u021bi ai schimb\u0103rii \u00een comunit\u0103\u021bile lor, cu ajutorul tehnologiilor pentru \u00eenv\u0103\u021bare creativ\u0103 \u0219i instrumente media digitale. BRIGHTS &#8222;Promovarea educa\u021biei [&hellip;]<\/p>\n","protected":false},"author":1,"featured_media":0,"parent":0,"menu_order":0,"comment_status":"closed","ping_status":"closed","template":"","meta":{"_monsterinsights_skip_tracking":false,"_monsterinsights_sitenote_active":false,"_monsterinsights_sitenote_note":"","_monsterinsights_sitenote_category":0,"footnotes":""},"_links":{"self":[{"href":"https:\/\/inventeurs.eu\/ro\/wp-json\/wp\/v2\/pages\/1031"}],"collection":[{"href":"https:\/\/inventeurs.eu\/ro\/wp-json\/wp\/v2\/pages"}],"about":[{"href":"https:\/\/inventeurs.eu\/ro\/wp-json\/wp\/v2\/types\/page"}],"author":[{"embeddable":true,"href":"https:\/\/inventeurs.eu\/ro\/wp-json\/wp\/v2\/users\/1"}],"replies":[{"embeddable":true,"href":"https:\/\/inventeurs.eu\/ro\/wp-json\/wp\/v2\/comments?post=1031"}],"version-history":[{"count":3,"href":"https:\/\/inventeurs.eu\/ro\/wp-json\/wp\/v2\/pages\/1031\/revisions"}],"predecessor-version":[{"id":1153,"href":"https:\/\/inventeurs.eu\/ro\/wp-json\/wp\/v2\/pages\/1031\/revisions\/1153"}],"wp:attachment":[{"href":"https:\/\/inventeurs.eu\/ro\/wp-json\/wp\/v2\/media?parent=1031"}],"curies":[{"name":"wp","href":"https:\/\/api.w.org\/{rel}","templated":true}]}}