{"id":379,"date":"2017-07-04T12:26:21","date_gmt":"2017-07-04T12:26:21","guid":{"rendered":"http:\/\/inventeurs.eu\/publicaciones-en-conferencias-educativas"},"modified":"2017-07-10T12:44:52","modified_gmt":"2017-07-10T12:44:52","slug":"publicaciones-en-conferencias-educativas","status":"publish","type":"page","link":"https:\/\/inventeurs.eu\/es\/publicaciones-en-conferencias-educativas\/","title":{"rendered":"Publicaciones en conferencias educativas"},"content":{"rendered":"<div id=\"dslc-content\" class=\"dslc-content dslc-clearfix\"><div id=\"dslc-main\">\r\n\t\t<div  class=\"dslc-modules-section \" style=\"padding-bottom:30px;padding-top:30px;\" data-section-id=\"36f7eb90fa2\">\r\n\t\t\t\t\r\n\t\t\t\t\r\n\t\t\t\t<div class=\"dslc-modules-section-wrapper dslc-clearfix\"><div class=\"dslc-modules-area dslc-col dslc-12-col dslc-last-col\" data-size=\"12\" data-valign=\"\">\r\n\t\t<div id=\"dslc-module-ef5e19b585d\" class=\"dslc-module-front dslc-module-DSLC_Text_Simple dslc-in-viewport-check dslc-in-viewport-anim-none  dslc-col dslc-12-col dslc-last-col  dslc-module-handle-like-regular \" data-module-id=\"ef5e19b585d\" data-module=\"DSLC_Text_Simple\" data-dslc-module-size=\"12\" data-dslc-anim=\"none\" data-dslc-anim-delay=\"0\" data-dslc-anim-duration=\"650\"  data-dslc-anim-easing=\"ease\" data-dslc-preset=\"none\" >\r\n\r\n\t\t\t\r\n\t\t\t\r\n\t\t\r\n\t\t<div class=\"dslc-text-module-content\">\r\n\t\t\t<h6>Here is a list of our publications, communications and talks in educational conferences and events:<\/h6><ul><li><h6><em><span lang=\"EN-US\">InventEUrs. Fostering Invention-Based Collaborative Learning for Social Change<\/span><\/em><span lang=\"EN-US\">. Short talk at <strong>Scratch2017BDX<\/strong> (European Scratch Conference 2017), Bordeaux (France). 19 \u2013 21st July 2017. [<a href=\"http:\/\/www.scratch2017bdx.org\/en\/hello-world-2\/\" target=\"_blank\" rel=\"noopener noreferrer\">link to event webpage<\/a>]<\/span><\/h6><\/li><li><h6><em>From Inventors4Change to InventEUrs: Scratch, Virtual Exchanges and Education for Global Citizenship<\/em> (In Catalan: D\u2019Inventors4Change a InventEUrs: Scratch, Intercanvis Virtuals i Educaci\u00f3 per a la Ciutadania Global). Talk at <strong>IX Jornada de Programaci\u00f3 i Rob\u00f2tica Educatives<\/strong> (JPRE17), Citilab, Cornell\u00e0 (Spain). 20th May, 2017. [<a href=\"http:\/\/blocs.xtec.cat\/jornadaprograma\/jornades\/j2017\/dinventors4change-a-inventeurs-scratch-intercanvis-virtuals-i-educacio-per-a-la-ciutadania-global\/\" target=\"_blank\" rel=\"noopener noreferrer\">link to event webpage<\/a>]<\/h6><\/li><\/ul>\t\t<\/div>\r\n\r\n\t\t\r\n\t\t\t\t<\/div><!-- .dslc-module -->\r\n\t\t<\/div><\/div><\/div><\/div><\/div>","protected":false},"excerpt":{"rendered":"<p>Here is a list of our publications, communications and talks in educational conferences and events:InventEUrs. Fostering Invention-Based Collaborative Learning for Social Change. Short talk at Scratch2017BDX (European Scratch Conference 2017), [&hellip;]<\/p>\n","protected":false},"author":1,"featured_media":0,"parent":0,"menu_order":0,"comment_status":"closed","ping_status":"closed","template":"","meta":{"_monsterinsights_skip_tracking":false,"_monsterinsights_sitenote_active":false,"_monsterinsights_sitenote_note":"","_monsterinsights_sitenote_category":0,"footnotes":""},"_links":{"self":[{"href":"https:\/\/inventeurs.eu\/es\/wp-json\/wp\/v2\/pages\/379"}],"collection":[{"href":"https:\/\/inventeurs.eu\/es\/wp-json\/wp\/v2\/pages"}],"about":[{"href":"https:\/\/inventeurs.eu\/es\/wp-json\/wp\/v2\/types\/page"}],"author":[{"embeddable":true,"href":"https:\/\/inventeurs.eu\/es\/wp-json\/wp\/v2\/users\/1"}],"replies":[{"embeddable":true,"href":"https:\/\/inventeurs.eu\/es\/wp-json\/wp\/v2\/comments?post=379"}],"version-history":[{"count":1,"href":"https:\/\/inventeurs.eu\/es\/wp-json\/wp\/v2\/pages\/379\/revisions"}],"predecessor-version":[{"id":473,"href":"https:\/\/inventeurs.eu\/es\/wp-json\/wp\/v2\/pages\/379\/revisions\/473"}],"wp:attachment":[{"href":"https:\/\/inventeurs.eu\/es\/wp-json\/wp\/v2\/media?parent=379"}],"curies":[{"name":"wp","href":"https:\/\/api.w.org\/{rel}","templated":true}]}}